{"id":3103,"date":"2024-12-26T13:13:11","date_gmt":"2024-12-26T12:13:11","guid":{"rendered":"https:\/\/viajesairak.es\/?page_id=3103"},"modified":"2025-05-02T21:12:20","modified_gmt":"2025-05-02T19:12:20","slug":"politica-de-cookies","status":"publish","type":"page","link":"https:\/\/viajesairak.es\/en\/politica-de-cookies\/","title":{"rendered":"Cookie Policy"},"content":{"rendered":"<p><strong>Customise consent preferences<\/strong><\/p>\n\n\n\n<p>We use cookies to help you navigate efficiently and perform certain functions. You will find detailed information about all cookies in each consent category below.<\/p>\n\n\n\n<p>Cookies categorised as \"Necessary\" are stored in your browser as they are essential to enable basic site functionality.<\/p>\n\n\n\n<p>We also use third party cookies to help us analyse how you use this website, store your preferences and deliver relevant content and advertisements to you. These cookies will only be stored in your browser with your prior consent.<\/p>\n\n\n\n<p>You can choose to enable or disable some or all of these cookies, but disabling some of them may affect your browsing experience.<\/p>\n\n\n\n<p><strong>Necessary<\/strong> (<strong>always active<\/strong>)<\/p>\n\n\n\n<p>Necessary cookies are required to enable basic functions of this site, such as providing a secure login or adjusting your consent preferences. These cookies do not store personally identifiable data.<\/p>\n\n\n\n<p><strong>Functional<\/strong><\/p>\n\n\n\n<p>Functional cookies help perform certain functions, such as sharing website content on social media platforms, collecting feedback and other third party features.<\/p>\n\n\n\n<p><strong>Analyses<\/strong><\/p>\n\n\n\n<p>Analytical cookies are used to understand how visitors interact with the website. These cookies provide information on metrics such as number of visitors, bounce rate, traffic source, etc.<\/p>\n\n\n\n<p><strong>Performance<\/strong><\/p>\n\n\n\n<p>Performance cookies are used to understand and analyse key performance indicators of the website, which helps to provide a better user experience for visitors.<\/p>\n\n\n\n<p><strong>Advertising<\/strong><\/p>\n\n\n\n<p>Advertising cookies are used to deliver personalised advertisements to visitors based on the pages you have previously visited and to analyse the effectiveness of advertising campaigns.<\/p>\n\n\n\n<p><strong>Legal basis for the use of cookies<\/strong><\/p>\n\n\n\n<p>We use cookies in accordance with Regulation (EU) 2016\/679 (RGPD) and the Information Society Services Act (LSSI).<\/p>\n\n\n\n<p><\/p>","protected":false},"excerpt":{"rendered":"<p>Personalizar preferencias de consentimiento Usamos cookies para ayudarte a navegar de manera eficiente y realizar ciertas funciones. Encontrar\u00e1s informaci\u00f3n detallada sobre todas las cookies en cada categor\u00eda de consentimiento a continuaci\u00f3n. Las cookies categorizadas como \u201cNecesarias\u201d se almacenan en tu navegador, ya que son esenciales para habilitar las funcionalidades b\u00e1sicas del sitio. Tambi\u00e9n usamos cookies [&hellip;]<\/p>\n","protected":false},"author":1,"featured_media":0,"parent":0,"menu_order":0,"comment_status":"closed","ping_status":"closed","template":"","meta":{"_uag_custom_page_level_css":"","site-sidebar-layout":"default","site-content-layout":"","ast-site-content-layout":"default","site-content-style":"default","site-sidebar-style":"default","ast-global-header-display":"","ast-banner-title-visibility":"","ast-main-header-display":"","ast-hfb-above-header-display":"","ast-hfb-below-header-display":"","ast-hfb-mobile-header-display":"","site-post-title":"","ast-breadcrumbs-content":"","ast-featured-img":"","footer-sml-layout":"","ast-disable-related-posts":"","theme-transparent-header-meta":"","adv-header-id-meta":"","stick-header-meta":"","header-above-stick-meta":"","header-main-stick-meta":"","header-below-stick-meta":"","astra-migrate-meta-layouts":"set","ast-page-background-enabled":"default","ast-page-background-meta":{"desktop":{"background-color":"","background-image":"","background-repeat":"repeat","background-position":"center center","background-size":"auto","background-attachment":"scroll","background-type":"","background-media":"","overlay-type":"","overlay-color":"","overlay-opacity":"","overlay-gradient":""},"tablet":{"background-color":"","background-image":"","background-repeat":"repeat","background-position":"center center","background-size":"auto","background-attachment":"scroll","background-type":"","background-media":"","overlay-type":"","overlay-color":"","overlay-opacity":"","overlay-gradient":""},"mobile":{"background-color":"","background-image":"","background-repeat":"repeat","background-position":"center center","background-size":"auto","background-attachment":"scroll","background-type":"","background-media":"","overlay-type":"","overlay-color":"","overlay-opacity":"","overlay-gradient":""}},"ast-content-background-meta":{"desktop":{"background-color":"var(--ast-global-color-5)","background-image":"","background-repeat":"repeat","background-position":"center center","background-size":"auto","background-attachment":"scroll","background-type":"","background-media":"","overlay-type":"","overlay-color":"","overlay-opacity":"","overlay-gradient":""},"tablet":{"background-color":"var(--ast-global-color-5)","background-image":"","background-repeat":"repeat","background-position":"center center","background-size":"auto","background-attachment":"scroll","background-type":"","background-media":"","overlay-type":"","overlay-color":"","overlay-opacity":"","overlay-gradient":""},"mobile":{"background-color":"var(--ast-global-color-5)","background-image":"","background-repeat":"repeat","background-position":"center center","background-size":"auto","background-attachment":"scroll","background-type":"","background-media":"","overlay-type":"","overlay-color":"","overlay-opacity":"","overlay-gradient":""}},"_themeisle_gutenberg_block_has_review":false,"footnotes":""},"class_list":["post-3103","page","type-page","status-publish","hentry"],"aioseo_notices":[],"uagb_featured_image_src":{"full":false,"thumbnail":false,"medium":false,"medium_large":false,"large":false,"1536x1536":false,"2048x2048":false,"trp-custom-language-flag":false,"widget-thumbnail":false},"uagb_author_info":{"display_name":"julian@amorrich.com","author_link":"https:\/\/viajesairak.es\/en\/author\/julianamorrich-com\/"},"uagb_comment_info":0,"uagb_excerpt":"Personalizar preferencias de consentimiento Usamos cookies para ayudarte a navegar de manera eficiente y realizar ciertas funciones. Encontrar\u00e1s informaci\u00f3n detallada sobre todas las cookies en cada categor\u00eda de consentimiento a continuaci\u00f3n. Las cookies categorizadas como \u201cNecesarias\u201d se almacenan en tu navegador, ya que son esenciales para habilitar las funcionalidades b\u00e1sicas del sitio. Tambi\u00e9n usamos cookies&hellip;","_links":{"self":[{"href":"https:\/\/viajesairak.es\/en\/wp-json\/wp\/v2\/pages\/3103","targetHints":{"allow":["GET"]}}],"collection":[{"href":"https:\/\/viajesairak.es\/en\/wp-json\/wp\/v2\/pages"}],"about":[{"href":"https:\/\/viajesairak.es\/en\/wp-json\/wp\/v2\/types\/page"}],"author":[{"embeddable":true,"href":"https:\/\/viajesairak.es\/en\/wp-json\/wp\/v2\/users\/1"}],"replies":[{"embeddable":true,"href":"https:\/\/viajesairak.es\/en\/wp-json\/wp\/v2\/comments?post=3103"}],"version-history":[{"count":2,"href":"https:\/\/viajesairak.es\/en\/wp-json\/wp\/v2\/pages\/3103\/revisions"}],"predecessor-version":[{"id":3794,"href":"https:\/\/viajesairak.es\/en\/wp-json\/wp\/v2\/pages\/3103\/revisions\/3794"}],"wp:attachment":[{"href":"https:\/\/viajesairak.es\/en\/wp-json\/wp\/v2\/media?parent=3103"}],"curies":[{"name":"wp","href":"https:\/\/api.w.org\/{rel}","templated":true}]}}