{"id":962,"date":"2024-10-19T05:08:21","date_gmt":"2024-10-19T05:08:21","guid":{"rendered":"http:\/\/viajesairak.es\/about\/"},"modified":"2025-05-02T18:48:46","modified_gmt":"2025-05-02T16:48:46","slug":"quienes-somos","status":"publish","type":"page","link":"https:\/\/viajesairak.es\/en\/quienes-somos\/","title":{"rendered":"About me"},"content":{"rendered":"<div class=\"wp-block-uagb-container uagb-block-d6924da0 alignfull uagb-is-root-container\">\n<header class=\"wp-block-uagb-advanced-heading uagb-block-efa76908\"><h1 class=\"uagb-heading-text\">Mariam Khalifa Bris<\/h1><\/header>\n\n\n\n<p class=\"has-text-align-center\"><strong><mark style=\"background-color:rgba(0, 0, 0, 0)\" class=\"has-inline-color has-ast-global-color-6-color\">Viajes a Irak<\/mark><\/strong><\/p>\n<\/div>\n\n\n\n<div class=\"wp-block-group is-layout-constrained wp-block-group-is-layout-constrained\">\n<div class=\"wp-block-uagb-container uagb-layout-flex uagb-block-24299646 alignfull uagb-is-root-container\"><div class=\"uagb-container-inner-blocks-wrap\">\n<div class=\"wp-block-columns is-layout-flex wp-container-core-columns-is-layout-28f84493 wp-block-columns-is-layout-flex\">\n<div class=\"wp-block-column is-layout-flow wp-block-column-is-layout-flow\" style=\"flex-basis:100%\">\n<div class=\"wp-block-uagb-info-box uagb-block-b9a9e0d2 uagb-infobox__content-wrap  uagb-infobox-icon-above-title uagb-infobox-image-valign-top\"><div class=\"uagb-ifb-content\"><div class=\"uagb-ifb-title-wrap\"><h5 class=\"uagb-ifb-title-prefix\">Iraq expert<\/h5><h2 class=\"uagb-ifb-title\">Mariam Khalifa Bris<\/h2><\/div><\/div><\/div>\n\n\n\n<h3 class=\"wp-block-heading\">Travel to Iraq: Knowledge, Authenticity and Travel Agency Assurance<\/h3>\n\n\n\n<p><br>Hello everyone! My name is Mariam Khalifa Bris and I want to share with you the fascinating connection I have with a country that, although often not on the front pages of travel guides, is brimming with history, culture and warmth: <strong>Iraq, an ideal destination for <a href=\"https:\/\/viajesairak.es\/en\/\" title=\"\">travel to Iraq <\/a>authentic and transformative<\/strong>.<\/p>\n\n\n\n<p>I am the reflection of a beautiful cultural fusion: from an Iraqi father and a Spanish mother. Born in Madrid, I spent part of my life in Iraq, which has given me a unique perspective on both cultures. My mother tongues are Spanish and Arabic; I also speak English and German. This ability allows me to offer an authentic experience for the<a href=\"https:\/\/viajesairak.es\/en\/\" title=\"\"> travel to Iraq<\/a>It plays a fundamental role in the exploration and enjoyment of the country and in the connection with its people.<br>I have a degree in tourism and more than 20 years of experience in the sector. Throughout my career I have had the opportunity to work with various companies in the sector both in Spain and in other countries.<\/p>\n\n\n\n<p>During all this time I have learned the importance of human connections, how a traveller seeks not only to visit a place but also to understand its history and its people. With my heart pounding with excitement, I have decided to dedicate myself to guiding others on their journeys in Iraq.<br><br><br>My familiarity with Iraq gave me the opportunity to gain a deep understanding of the customs, cuisine and, above all, the unique spirit of the Iraqi people. My itineraries are designed to make visitors feel comfortable, safe and have an authentic experience while exploring a fascinating and underexplored destination. All trips are tailored to the expectations and tastes of Spanish travellers. <br><br>Trips designed by me are offered with the backing and guarantee of reputable travel agencies. This ensures that each itinerary not only reflects my in-depth knowledge of Iraq but also meets the highest standards of quality and safety, providing travellers with the peace of mind that they are supported by experts in international travel management.<\/p>\n<\/div>\n<\/div>\n\n\n\n<div class=\"wp-block-uagb-image uagb-block-a1591707 wp-block-uagb-image--layout-default wp-block-uagb-image--effect-static wp-block-uagb-image--align-none\"><figure class=\"wp-block-uagb-image__figure\"><img decoding=\"async\" data-srcset=\"https:\/\/viajesairak.es\/wp-content\/uploads\/2024\/10\/Viajes-a-irak-25-768x1024.jpeg ,https:\/\/viajesairak.es\/wp-content\/uploads\/2024\/10\/Viajes-a-irak-25.jpeg 780w, https:\/\/viajesairak.es\/wp-content\/uploads\/2024\/10\/Viajes-a-irak-25.jpeg 360w\" data-sizes=\"auto, (max-width: 480px) 150px\" data-src=\"https:\/\/viajesairak.es\/wp-content\/uploads\/2024\/10\/Viajes-a-irak-25-768x1024.jpeg\" alt=\"Mariam Khalifa, experta en Irak\" class=\"uag-image-2415 lazyload\" width=\"1024\" height=\"1024\" title=\"Mariam Khalifa, Iraq expert\" role=\"img\" src=\"data:image\/svg+xml;base64,PHN2ZyB3aWR0aD0iMSIgaGVpZ2h0PSIxIiB4bWxucz0iaHR0cDovL3d3dy53My5vcmcvMjAwMC9zdmciPjwvc3ZnPg==\" style=\"--smush-placeholder-width: 1024px; --smush-placeholder-aspect-ratio: 1024\/1024;\" \/><\/figure><\/div>\n<\/div><\/div>\n\n\n\n<div class=\"wp-block-uagb-container uagb-layout-grid uagb-block-4defcfd6 alignfull uagb-is-root-container\"><div class=\"uagb-container-inner-blocks-wrap\">\n<div class=\"wp-block-columns is-layout-flex wp-container-core-columns-is-layout-28f84493 wp-block-columns-is-layout-flex\">\n<div class=\"wp-block-column is-layout-flow wp-block-column-is-layout-flow\" style=\"flex-basis:100%\">\n<div class=\"wp-block-uagb-info-box uagb-block-6d089da4 uagb-infobox__content-wrap  uagb-infobox-icon-above-title uagb-infobox-image-valign-top\"><div class=\"uagb-ifb-content\"><div class=\"uagb-ifb-title-wrap\"><h5 class=\"uagb-ifb-title-prefix\">Iraq expert<\/h5><h2 class=\"uagb-ifb-title\">JOURNEYS ACROSS CULTURES<\/h2><\/div><\/div><\/div>\n\n\n\n<h3 class=\"wp-block-heading\">Customised Tours to Iraq: Knowledge, Authenticity and Travel Agency Guarantee<\/h3>\n\n\n\n<p><br>The <a href=\"https:\/\/viajesairak.es\/en\/\" title=\"\">travel to Iraq<\/a> organised by me are distinguished by my vast knowledge of Iraq and its deep history and culture. My experience and personal connection allow me to design unique itineraries that highlight both the historical and cultural treasures as well as the most stunning landscapes of Iraqi territory. My knowledge of the country allows me to offer a genuine and enriching experience for those seeking to discover the true essence of Iraq.<br><br>In addition, my familiarity with Spanish culture allows me to tailor each trip to the expectations and tastes of Spanish travellers. Combining safety, comfort and authentic experiences, my itineraries are designed to make visitors feel comfortable and well looked after while exploring a fascinating and undiscovered destination.<br><br><\/p>\n<\/div>\n<\/div>\n\n\n\n<div class=\"wp-block-uagb-image uagb-block-1c6af247 wp-block-uagb-image--layout-default wp-block-uagb-image--effect-static wp-block-uagb-image--align-none\"><figure class=\"wp-block-uagb-image__figure\"><img decoding=\"async\" data-srcset=\"https:\/\/viajesairak.es\/wp-content\/uploads\/2024\/10\/logo-jac-1024x581.png ,https:\/\/viajesairak.es\/wp-content\/uploads\/2024\/10\/logo-jac.png 780w, https:\/\/viajesairak.es\/wp-content\/uploads\/2024\/10\/logo-jac.png 360w\" data-sizes=\"auto, (max-width: 480px) 150px\" data-src=\"https:\/\/viajesairak.es\/wp-content\/uploads\/2024\/10\/logo-jac-1024x581.png\" alt=\"Journeys Across Cultures\" class=\"uag-image-2600 lazyload\" width=\"532\" height=\"302\" title=\"logo-jac\" role=\"img\" src=\"data:image\/svg+xml;base64,PHN2ZyB3aWR0aD0iMSIgaGVpZ2h0PSIxIiB4bWxucz0iaHR0cDovL3d3dy53My5vcmcvMjAwMC9zdmciPjwvc3ZnPg==\" style=\"--smush-placeholder-width: 532px; --smush-placeholder-aspect-ratio: 532\/302;\" \/><\/figure><\/div>\n\n\n\n<div class=\"wp-block-uagb-advanced-heading uagb-block-8e598847\"><\/div>\n<\/div><\/div>\n\n\n\n<div class=\"wp-block-uagb-container uagb-layout-grid uagb-block-2b8639e4 alignfull uagb-is-root-container\"><div class=\"uagb-container-inner-blocks-wrap\">\n<div class=\"wp-block-uagb-advanced-heading uagb-block-dda0e0fa\"><\/div>\n\n\n\n<div class=\"wp-block-uagb-advanced-heading uagb-block-b946363e\"><p class=\"uagb-desc-text\"> <\/p><\/div>\n\n\n\n<div class=\"wp-block-uagb-advanced-heading uagb-block-21f13684\"><\/div>\n<\/div><\/div>\n<\/div>\n\n\n\n<div class=\"wp-block-uagb-container uagb-block-6be40f00 alignfull uagb-is-root-container\"><div class=\"uagb-container-inner-blocks-wrap\"><\/div><\/div>\n\n\n\n<div style=\"height:100px\" aria-hidden=\"true\" class=\"wp-block-spacer\"><\/div>\n\n\n\n<p><\/p>","protected":false},"excerpt":{"rendered":"<p>Mariam Khalifa Bris Viajes a Irak Viajes a Irak: Conocimiento, Autenticidad y Garant\u00eda de Agencias de Viajes \u00a1Hola a todos! Mi nombre es Mariam Khalifa Bris y quiero compartir con ustedes la fascinante conexi\u00f3n que tengo con un pa\u00eds que, aunque a menudo no est\u00e1 en las primeras p\u00e1ginas de las gu\u00edas de viaje, rebosa [&hellip;]<\/p>\n","protected":false},"author":2,"featured_media":0,"parent":0,"menu_order":0,"comment_status":"closed","ping_status":"closed","template":"","meta":{"_uag_custom_page_level_css":"","site-sidebar-layout":"no-sidebar","site-content-layout":"plain-container","ast-site-content-layout":"normal-width-container","site-content-style":"unboxed","site-sidebar-style":"unboxed","ast-global-header-display":"","ast-banner-title-visibility":"","ast-main-header-display":"","ast-hfb-above-header-display":"","ast-hfb-below-header-display":"","ast-hfb-mobile-header-display":"","site-post-title":"disabled","ast-breadcrumbs-content":"","ast-featured-img":"disabled","footer-sml-layout":"","ast-disable-related-posts":"","theme-transparent-header-meta":"enabled","adv-header-id-meta":"","stick-header-meta":"","header-above-stick-meta":"","header-main-stick-meta":"","header-below-stick-meta":"","astra-migrate-meta-layouts":"set","ast-page-background-enabled":"default","ast-page-background-meta":{"desktop":{"background-color":"","background-image":"","background-repeat":"repeat","background-position":"center center","background-size":"auto","background-attachment":"scroll","background-type":"","background-media":"","overlay-type":"","overlay-color":"","overlay-opacity":"","overlay-gradient":""},"tablet":{"background-color":"","background-image":"","background-repeat":"repeat","background-position":"center center","background-size":"auto","background-attachment":"scroll","background-type":"","background-media":"","overlay-type":"","overlay-color":"","overlay-opacity":"","overlay-gradient":""},"mobile":{"background-color":"","background-image":"","background-repeat":"repeat","background-position":"center center","background-size":"auto","background-attachment":"scroll","background-type":"","background-media":"","overlay-type":"","overlay-color":"","overlay-opacity":"","overlay-gradient":""}},"ast-content-background-meta":{"desktop":{"background-color":"var(--ast-global-color-5)","background-image":"","background-repeat":"repeat","background-position":"center center","background-size":"auto","background-attachment":"scroll","background-type":"","background-media":"","overlay-type":"","overlay-color":"","overlay-opacity":"","overlay-gradient":""},"tablet":{"background-color":"var(--ast-global-color-5)","background-image":"","background-repeat":"repeat","background-position":"center center","background-size":"auto","background-attachment":"scroll","background-type":"","background-media":"","overlay-type":"","overlay-color":"","overlay-opacity":"","overlay-gradient":""},"mobile":{"background-color":"var(--ast-global-color-5)","background-image":"","background-repeat":"repeat","background-position":"center center","background-size":"auto","background-attachment":"scroll","background-type":"","background-media":"","overlay-type":"","overlay-color":"","overlay-opacity":"","overlay-gradient":""}},"_themeisle_gutenberg_block_has_review":false,"footnotes":""},"class_list":["post-962","page","type-page","status-publish","hentry"],"aioseo_notices":[],"uagb_featured_image_src":{"full":false,"thumbnail":false,"medium":false,"medium_large":false,"large":false,"1536x1536":false,"2048x2048":false,"trp-custom-language-flag":false,"widget-thumbnail":false},"uagb_author_info":{"display_name":"Mariam Khalifa Bris","author_link":"https:\/\/viajesairak.es\/en\/author\/mariamkhalifa\/"},"uagb_comment_info":0,"uagb_excerpt":"Mariam Khalifa Bris Viajes a Irak Viajes a Irak: Conocimiento, Autenticidad y Garant\u00eda de Agencias de Viajes \u00a1Hola a todos! Mi nombre es Mariam Khalifa Bris y quiero compartir con ustedes la fascinante conexi\u00f3n que tengo con un pa\u00eds que, aunque a menudo no est\u00e1 en las primeras p\u00e1ginas de las gu\u00edas de viaje, rebosa&hellip;","_links":{"self":[{"href":"https:\/\/viajesairak.es\/en\/wp-json\/wp\/v2\/pages\/962","targetHints":{"allow":["GET"]}}],"collection":[{"href":"https:\/\/viajesairak.es\/en\/wp-json\/wp\/v2\/pages"}],"about":[{"href":"https:\/\/viajesairak.es\/en\/wp-json\/wp\/v2\/types\/page"}],"author":[{"embeddable":true,"href":"https:\/\/viajesairak.es\/en\/wp-json\/wp\/v2\/users\/2"}],"replies":[{"embeddable":true,"href":"https:\/\/viajesairak.es\/en\/wp-json\/wp\/v2\/comments?post=962"}],"version-history":[{"count":41,"href":"https:\/\/viajesairak.es\/en\/wp-json\/wp\/v2\/pages\/962\/revisions"}],"predecessor-version":[{"id":3780,"href":"https:\/\/viajesairak.es\/en\/wp-json\/wp\/v2\/pages\/962\/revisions\/3780"}],"wp:attachment":[{"href":"https:\/\/viajesairak.es\/en\/wp-json\/wp\/v2\/media?parent=962"}],"curies":[{"name":"wp","href":"https:\/\/api.w.org\/{rel}","templated":true}]}}