{"id":964,"date":"2024-10-19T05:08:21","date_gmt":"2024-10-19T05:08:21","guid":{"rendered":"http:\/\/viajesairak.es\/services\/"},"modified":"2025-08-01T13:33:13","modified_gmt":"2025-08-01T11:33:13","slug":"consejos-de-viaje-preguntas-frecuentes","status":"publish","type":"page","link":"https:\/\/viajesairak.es\/en\/consejos-de-viaje-preguntas-frecuentes\/","title":{"rendered":"Travel tips and frequently asked questions"},"content":{"rendered":"<div class=\"wp-block-uagb-container uagb-block-c54c600d alignfull uagb-is-root-container\"><div class=\"uagb-container-inner-blocks-wrap\">\n<div class=\"wp-block-uagb-advanced-heading uagb-block-8b796fc7\"><h1 class=\"uagb-heading-text\">Tips for travelling to Iraq <\/h1><\/div>\n<\/div><\/div>\n\n\n\n<div style=\"height:56px\" aria-hidden=\"true\" class=\"wp-block-spacer\"><\/div>\n\n\n\n<h2 class=\"wp-block-heading\">Frequently asked questions about travel to Iraq. <\/h2>\n\n\n\n<p>If you still have any doubts after reading them, <a href=\"https:\/\/viajesairak.es\/wp-admin\/post.php?post=968&amp;action=edit\" title=\"\">contact us<\/a>.<\/p>\n\n\n\n<div id=\"wp-block-themeisle-blocks-accordion-b02cc3a1\" class=\"wp-block-themeisle-blocks-accordion exclusive\">\n<details class=\"wp-block-themeisle-blocks-accordion-item\"><summary class=\"wp-block-themeisle-blocks-accordion-item__title\"><div><strong>Is it possible to travel to Iraq?<\/strong> <strong>Essential tips for your trip to Iraq<\/strong><\/div><\/summary><div class=\"wp-block-themeisle-blocks-accordion-item__content\">\n<p>Yes, it is possible to travel to Iraq, but it is crucial to follow security recommendations and consult travel alerts before your visit to Iraq.<\/p>\n<\/div><\/details>\n\n\n\n<details class=\"wp-block-themeisle-blocks-accordion-item\"><summary class=\"wp-block-themeisle-blocks-accordion-item__title\"><div><strong>What do you need to travel to Iraq? Travel tips and essential requirements<\/strong><\/div><\/summary><div class=\"wp-block-themeisle-blocks-accordion-item__content\">\n<p>To travel to Iraq, a passport valid for at least 6 months and, in most cases, a visa is required. It is essential to secure all necessary documents prior to travel. <\/p>\n\n\n\n<p>It is also important to contact the <a href=\"https:\/\/mofa.gov.iq\/madrid\/\" title=\"\"><strong>Embassy of Iraq in Spain<\/strong> <\/a>for more up-to-date and specific information. Here are the contact details:<\/p>\n\n\n\n<p>C\/ Carril del Conde, 56, Hortaleza, 28043 Madrid<\/p>\n\n\n\n<p><strong>Telephone:<\/strong> +34 913 88 27 24<\/p>\n\n\n\n<p><strong>E-mail:<\/strong> embajadairak@yahoo.es<\/p>\n\n\n\n<p><\/p>\n\n\n\n<p><\/p>\n\n\n\n<p><\/p>\n<\/div><\/details>\n\n\n\n<details class=\"wp-block-themeisle-blocks-accordion-item\"><summary class=\"wp-block-themeisle-blocks-accordion-item__title\"><div><strong>What are the visa requirements for Iraq? Essential travel tips for your application<\/strong><\/div><\/summary><div class=\"wp-block-themeisle-blocks-accordion-item__content\">\n<p>The specific requirements for obtaining a visa to Iraq may vary depending on the type of visa and the nationality of the applicant. However, general requirements usually include: application form, passport, photographs, justification of travel and payment of fees. As part of your travel advice for travel to Iraq, it is highly recommended that you contact the <strong>Iraqi Embassy<\/strong> in Spain to get updated information according to your situation.<\/p>\n\n\n\n<p>Embassy contact details:<\/p>\n\n\n\n<p>C. Carril del Conde, 56, Hortaleza, 28043 Madrid<\/p>\n\n\n\n<p>Telephone: +34 913 88 27 24<\/p>\n\n\n\n<p>E-mail: embajadairak@yahoo.es<\/p>\n<\/div><\/details>\n\n\n\n<details class=\"wp-block-themeisle-blocks-accordion-item\"><summary class=\"wp-block-themeisle-blocks-accordion-item__title\"><div><strong>Is an e-visa now mandatory for travel to Iraq?<\/strong> <strong>Travel tips<\/strong><\/div><\/summary><div class=\"wp-block-themeisle-blocks-accordion-item__content\">\n<p><strong>Iraq now requires visitors from certain countries to apply for an electronic visa (e-Visa) before arriving. Follow these travel tips to ensure you meet the necessary requirements for your travel to Iraq.<\/strong><\/p>\n\n\n\n<p>Iraq requires visitors from the following countries to apply for an electronic visa (e-Visa) before arriving in the country:<\/p>\n\n\n\n<p>Austria, Australia, Belgium, Bulgaria, Canada, China, Croatia, Cyprus, Czech Republic, Denmark, Estonia, Finland, France, Germany, Greece, Hungary, Ireland, Italy, Japan, Latvia, Lithuania, Luxembourg, Malta, Netherlands, New Zealand, Norway, Portugal, Romania, Russia, Slovakia, Slovenia, South Korea, Spain, Sweden, Switzerland, Slovakia, Slovenia, United Kingdom, United States.<\/p>\n\n\n\n<p>Travellers will now have to visit the official portal <a class=\"\" href=\"http:\/\/evisa.iq\">evisa.iq<\/a> to apply for your electronic entry visa to Iraq.<\/p>\n\n\n\n<p>Applicants must submit online a copy of their passport and a passport-sized photograph.<\/p>\n\n\n\n<p>In addition to the e-visa fee, which must be paid online, there is a health insurance fee, which must be presented on arrival, totalling 206,000 IQD (about 145 euros \/ 158 US dollars).<\/p>\n\n\n\n<p>The announced processing time for electronic visa applications is 24 to 48 hours.<\/p>\n\n\n\n<p><strong>It is recommended to contact the Embassy of Iraq for the latest updates on visa requirements and possible changes in regulations.<\/strong><\/p>\n<\/div><\/details>\n\n\n\n<details class=\"wp-block-themeisle-blocks-accordion-item\"><summary class=\"wp-block-themeisle-blocks-accordion-item__title\"><div><strong><strong>Do I need travel insurance to visit Iraq? Travel advice and official recommendations<\/strong><\/strong><\/div><\/summary><div class=\"wp-block-themeisle-blocks-accordion-item__content\">\n<p>In a country like Iraq, security is the number one priority. For this reason, the Ministry of Foreign Affairs itself insists on the absolute necessity of having travel insurance to Iraq that covers you for the duration of your stay and with as much cover as possible. This is one of the most important travel tips for those planning trips to Iraq.<\/p>\n\n\n\n<p><\/p>\n<\/div><\/details>\n\n\n\n<details class=\"wp-block-themeisle-blocks-accordion-item\"><summary class=\"wp-block-themeisle-blocks-accordion-item__title\"><div><strong>What is the culture like in Iraq? Tips for understanding and respecting local traditions on your trip to Iraq<\/strong><\/div><\/summary><div class=\"wp-block-themeisle-blocks-accordion-item__content\">\n<p>Iraq has a rich cultural history with deep-rooted traditions. Find out tips for your trip to Iraq and learn to respect local dress and etiquette.<\/p>\n<\/div><\/details>\n\n\n\n<details class=\"wp-block-themeisle-blocks-accordion-item\"><summary class=\"wp-block-themeisle-blocks-accordion-item__title\"><div><strong>Can I travel alone in Iraq? Tips for a safe and well-planned trip<\/strong><\/div><\/summary><div class=\"wp-block-themeisle-blocks-accordion-item__content\">\n<p>I personally advise against travelling alone in Iraq. It is advisable to enlist the services of a travel agency or an expert local guide who knows well the terrain and culture.<\/p>\n<\/div><\/details>\n\n\n\n<details class=\"wp-block-themeisle-blocks-accordion-item\"><summary class=\"wp-block-themeisle-blocks-accordion-item__title\"><div><strong>What kind of hotels are there in Iraq? Travel tips for choosing the right accommodation<\/strong><\/div><\/summary><div class=\"wp-block-themeisle-blocks-accordion-item__content\">\n<p>In Iraq you can find hotels of all categories, from budget options to luxury establishments. Find out travel tips on how to choose the best accommodation for your city and region. Iraq is also working to develop its tourism infrastructure, improving services and expanding accommodation options for travellers looking for a complete experience on their trips to Iraq. To learn more about comfort and hospitality in high-end hotels, we invite you to read our blog: <a href=\"https:\/\/viajesairak.es\/wp-admin\/post.php?post=3508&amp;action=edit\" title=\"\">Discover Iraq's Comfort and Hospitality: Luxury  Hotels and Unforgettable Experiences<\/a>.<\/p>\n<\/div><\/details>\n\n\n\n<details class=\"wp-block-themeisle-blocks-accordion-item\"><summary class=\"wp-block-themeisle-blocks-accordion-item__title\"><div><strong>Are cameras and drones allowed in Iraq? Travel tips on photography and filming<\/strong><\/div><\/summary><div class=\"wp-block-themeisle-blocks-accordion-item__content\">\n<p>In Iraq, the use of cameras and drones is allowed, but under strict regulations. It is essential to be informed and obtain official permissions, especially for drones, as the authorities closely monitor the airspace. These rules may change depending on the region and situation. Always check with local agencies or authorities before filming during your travels in Iraq.<\/p>\n\n\n\n<p>Also, out of respect for privacy and local rules, avoid taking photos of children, women, military personnel or bases, and remember that in many religious sites only mobile phones are allowed. Follow these travel tips to avoid problems and respect local culture.<\/p>\n\n\n\n<p><\/p>\n<\/div><\/details>\n\n\n\n<details class=\"wp-block-themeisle-blocks-accordion-item\"><summary class=\"wp-block-themeisle-blocks-accordion-item__title\"><div><strong>What language is spoken in Iraq? Travel tips for communicating during your visit<\/strong><\/div><\/summary><div class=\"wp-block-themeisle-blocks-accordion-item__content\">\n<p>The official language is Arabic and Kurdish in Kurdistan. English is also spoken in some tourist areas. Follow our travel tips to help you communicate better in the big cities and beyond on your trips to Iraq.<\/p>\n<\/div><\/details>\n<\/div>\n\n\n\n<div style=\"height:0px\" aria-hidden=\"true\" class=\"wp-block-spacer\"><\/div>\n\n\n\n<p><\/p>\n\n\n\n<p><\/p>","protected":false},"excerpt":{"rendered":"<p>Consejos para viajar a Irak Preguntas frecuentes m\u00e1s comunes sobre viajes a Irak. Si despu\u00e9s de leerlas a\u00fan te quedan dudas, cont\u00e1ctanos.<\/p>","protected":false},"author":2,"featured_media":0,"parent":0,"menu_order":0,"comment_status":"closed","ping_status":"closed","template":"","meta":{"_uag_custom_page_level_css":"","site-sidebar-layout":"no-sidebar","site-content-layout":"plain-container","ast-site-content-layout":"normal-width-container","site-content-style":"unboxed","site-sidebar-style":"unboxed","ast-global-header-display":"","ast-banner-title-visibility":"","ast-main-header-display":"","ast-hfb-above-header-display":"","ast-hfb-below-header-display":"","ast-hfb-mobile-header-display":"","site-post-title":"disabled","ast-breadcrumbs-content":"","ast-featured-img":"disabled","footer-sml-layout":"","ast-disable-related-posts":"","theme-transparent-header-meta":"enabled","adv-header-id-meta":"","stick-header-meta":"","header-above-stick-meta":"","header-main-stick-meta":"","header-below-stick-meta":"","astra-migrate-meta-layouts":"set","ast-page-background-enabled":"default","ast-page-background-meta":{"desktop":{"background-color":"","background-image":"","background-repeat":"repeat","background-position":"center center","background-size":"auto","background-attachment":"scroll","background-type":"","background-media":"","overlay-type":"","overlay-color":"","overlay-opacity":"","overlay-gradient":""},"tablet":{"background-color":"","background-image":"","background-repeat":"repeat","background-position":"center center","background-size":"auto","background-attachment":"scroll","background-type":"","background-media":"","overlay-type":"","overlay-color":"","overlay-opacity":"","overlay-gradient":""},"mobile":{"background-color":"","background-image":"","background-repeat":"repeat","background-position":"center center","background-size":"auto","background-attachment":"scroll","background-type":"","background-media":"","overlay-type":"","overlay-color":"","overlay-opacity":"","overlay-gradient":""}},"ast-content-background-meta":{"desktop":{"background-color":"var(--ast-global-color-5)","background-image":"","background-repeat":"repeat","background-position":"center center","background-size":"auto","background-attachment":"scroll","background-type":"","background-media":"","overlay-type":"","overlay-color":"","overlay-opacity":"","overlay-gradient":""},"tablet":{"background-color":"var(--ast-global-color-5)","background-image":"","background-repeat":"repeat","background-position":"center center","background-size":"auto","background-attachment":"scroll","background-type":"","background-media":"","overlay-type":"","overlay-color":"","overlay-opacity":"","overlay-gradient":""},"mobile":{"background-color":"var(--ast-global-color-5)","background-image":"","background-repeat":"repeat","background-position":"center center","background-size":"auto","background-attachment":"scroll","background-type":"","background-media":"","overlay-type":"","overlay-color":"","overlay-opacity":"","overlay-gradient":""}},"_themeisle_gutenberg_block_has_review":false,"footnotes":""},"class_list":["post-964","page","type-page","status-publish","hentry"],"aioseo_notices":[],"uagb_featured_image_src":{"full":false,"thumbnail":false,"medium":false,"medium_large":false,"large":false,"1536x1536":false,"2048x2048":false,"trp-custom-language-flag":false,"widget-thumbnail":false},"uagb_author_info":{"display_name":"Mariam Khalifa Bris","author_link":"https:\/\/viajesairak.es\/en\/author\/mariamkhalifa\/"},"uagb_comment_info":0,"uagb_excerpt":"Consejos para viajar a Irak Preguntas frecuentes m\u00e1s comunes sobre viajes a Irak. Si despu\u00e9s de leerlas a\u00fan te quedan dudas, cont\u00e1ctanos.","_links":{"self":[{"href":"https:\/\/viajesairak.es\/en\/wp-json\/wp\/v2\/pages\/964","targetHints":{"allow":["GET"]}}],"collection":[{"href":"https:\/\/viajesairak.es\/en\/wp-json\/wp\/v2\/pages"}],"about":[{"href":"https:\/\/viajesairak.es\/en\/wp-json\/wp\/v2\/types\/page"}],"author":[{"embeddable":true,"href":"https:\/\/viajesairak.es\/en\/wp-json\/wp\/v2\/users\/2"}],"replies":[{"embeddable":true,"href":"https:\/\/viajesairak.es\/en\/wp-json\/wp\/v2\/comments?post=964"}],"version-history":[{"count":79,"href":"https:\/\/viajesairak.es\/en\/wp-json\/wp\/v2\/pages\/964\/revisions"}],"predecessor-version":[{"id":3906,"href":"https:\/\/viajesairak.es\/en\/wp-json\/wp\/v2\/pages\/964\/revisions\/3906"}],"wp:attachment":[{"href":"https:\/\/viajesairak.es\/en\/wp-json\/wp\/v2\/media?parent=964"}],"curies":[{"name":"wp","href":"https:\/\/api.w.org\/{rel}","templated":true}]}}