{"id":966,"date":"2024-10-19T05:08:21","date_gmt":"2024-10-19T05:08:21","guid":{"rendered":"http:\/\/viajesairak.es\/projects\/"},"modified":"2025-05-06T18:43:39","modified_gmt":"2025-05-06T16:43:39","slug":"tours-y-viajes-a-irak","status":"publish","type":"page","link":"https:\/\/viajesairak.es\/en\/tours-y-viajes-a-irak\/","title":{"rendered":"Tours"},"content":{"rendered":"<div class=\"wp-block-uagb-container uagb-block-7154df4d alignfull uagb-is-root-container\"><div class=\"uagb-container-inner-blocks-wrap\">\n<div class=\"wp-block-uagb-advanced-heading uagb-block-c0791479\"><h1 class=\"uagb-heading-text\">Discover our trips to Iraq<\/h1><\/div>\n<\/div><\/div>\n\n\n\n<p><\/p>\n\n\n\n<p>Exploring Iraq is a unique experience full of discovery and excitement that attracts travellers in search of culture, history and authenticity. Our tours and trips to Iraq are designed for those who wish to immerse themselves in the rich heritage of this ancient country, from the ancient cities of Babylon and Ur to the captivating landscapes of Mesopotamia. With expert guides and personalised experiences, we invite travellers to discover the secrets and wonders of Iraq in a safe and enriching way.<\/p>\n\n\n\n<div class=\"wp-block-columns is-layout-flex wp-container-core-columns-is-layout-28f84493 wp-block-columns-is-layout-flex\">\n<div class=\"wp-block-column is-layout-flow wp-block-column-is-layout-flow\">\n<div class=\"wp-block-uagb-info-box uagb-block-86bf9543 uagb-infobox__content-wrap  uagb-infobox-icon-above-title uagb-infobox-image-valign-top\"><div class=\"uagb-ifb-content\"><div class=\"uagb-ifb-image-content\"><img decoding=\"async\" data-src=\"https:\/\/viajesairak.es\/wp-content\/uploads\/2024\/10\/Viajes-a-irak-17-768x1024.jpeg\" alt=\"Museo Nacional de Irak. Foto de Mariam Khalifa Bris\" width=\"\" height=\"0\" src=\"data:image\/svg+xml;base64,PHN2ZyB3aWR0aD0iMSIgaGVpZ2h0PSIxIiB4bWxucz0iaHR0cDovL3d3dy53My5vcmcvMjAwMC9zdmciPjwvc3ZnPg==\" class=\"lazyload\" style=\"--smush-placeholder-width: 768px; --smush-placeholder-aspect-ratio: 768\/1024;\" \/><\/div><div class=\"uagb-ifb-title-wrap\"><h4 class=\"uagb-ifb-title\">Legendary Routes of Mesopotamia<\/h4><\/div><div class=\"uagb-ifb-separator\"><\/div><p class=\"uagb-ifb-desc\">Embark on an epic journey through the lands that saw the birth of great civilisations. <em><strong>Legendary Routes of Mesopotamia<\/strong><\/em> the most iconic tour in Iraq travel, takes you to the mysterious ruins of Basra, to the ancient waters of the Mesopotamian marshes, and to the ancient cities of <a href=\"https:\/\/es.wikipedia.org\/wiki\/Ur\" title=\"\"><strong>Ur<\/strong><\/a>, <strong><a href=\"https:\/\/es.wikipedia.org\/wiki\/Uruk\" title=\"\">Uruk<\/a><\/strong> and <strong><a href=\"https:\/\/es.wikipedia.org\/wiki\/Babilonia_(reino)\" title=\"\">Babylon<\/a><\/strong>. From the spirituality of <strong><a href=\"https:\/\/es.wikipedia.org\/wiki\/N%C3%A1yaf\" title=\"\">Najaf:<\/a> <\/strong>and <a href=\"https:\/\/es.wikipedia.org\/wiki\/Kerbala\" title=\"\"><strong>Karbala:<\/strong> <\/a>to the vibrant story of <strong><a href=\"https:\/\/es.wikipedia.org\/wiki\/Bagdad\" title=\"\">Baghdad:<\/a><\/strong> and<strong> <a href=\"https:\/\/es.wikipedia.org\/wiki\/Mosul\" title=\"\">Mosul<\/a><\/strong>. Adventure, mystery and culture await you at every corner on this unforgettable route!<\/p><\/div><\/div>\n\n\n\n<div class=\"wp-block-uagb-buttons uagb-buttons__outer-wrap uagb-btn__default-btn uagb-btn-tablet__default-btn uagb-btn-mobile__default-btn uagb-block-3b166faa\"><div class=\"uagb-buttons__wrap uagb-buttons-layout-wrap\">\n<div class=\"wp-block-uagb-buttons-child uagb-buttons__outer-wrap uagb-block-17d6125f wp-block-button\"><div class=\"uagb-button__wrapper\"><a class=\"uagb-buttons-repeater wp-block-button__link\" aria-label=\"\" href=\"https:\/\/viajesairak.es\/en\/tours-y-viajes-a-irak\/rutas-legendarias-de-mesopsotamia\/\" rel=\"follow noopener\" target=\"_self\" role=\"button\"><div class=\"uagb-button__link\">Read more<\/div><\/a><\/div><\/div>\n<\/div><\/div>\n<\/div>\n\n\n\n<div class=\"wp-block-column is-layout-flow wp-block-column-is-layout-flow\">\n<div class=\"wp-block-uagb-info-box uagb-block-3f9fca49 uagb-infobox__content-wrap  uagb-infobox-icon-above-title uagb-infobox-image-valign-top\"><div class=\"uagb-ifb-content\"><div class=\"uagb-ifb-image-content\"><img decoding=\"async\" data-src=\"https:\/\/viajesairak.es\/wp-content\/uploads\/2024\/11\/image0-6.jpeg\" alt=\"lalish, Irak, foto de Mariam Khalifa Bris\" width=\"\" height=\"0\" src=\"data:image\/svg+xml;base64,PHN2ZyB3aWR0aD0iMSIgaGVpZ2h0PSIxIiB4bWxucz0iaHR0cDovL3d3dy53My5vcmcvMjAwMC9zdmciPjwvc3ZnPg==\" class=\"lazyload\" style=\"--smush-placeholder-width: 1200px; --smush-placeholder-aspect-ratio: 1200\/675;\" \/><\/div><div class=\"uagb-ifb-title-wrap\"><h4 class=\"uagb-ifb-title\">Heading to Northern Iraq: A Journey into the Heart of Kurdistan<\/h4><\/div><div class=\"uagb-ifb-separator\"><\/div><p class=\"uagb-ifb-desc\">Get ready for a fascinating tour of northern Iraq, where history, culture and breathtaking landscapes intertwine. We start in <strong><a href=\"https:\/\/es.wikipedia.org\/wiki\/Bagdad\" title=\"\">Baghdad:<\/a><\/strong>, exploring its majestic palaces and historic monuments, before continuing on to<strong><a href=\"https:\/\/es.wikipedia.org\/wiki\/Samarra\" title=\"\"> Samarra<\/a> <\/strong>and <strong><a href=\"https:\/\/es.wikipedia.org\/wiki\/Mosul\" title=\"\">Mosul<\/a><\/strong>, two key cities full of legacy. In the<strong> <a href=\"https:\/\/es.wikipedia.org\/wiki\/Kurdist%C3%A1n_iraqu%C3%AD\" title=\"\">Iraqi Kurdistan,<\/a> <\/strong>we will discover <strong><a href=\"https:\/\/es.wikipedia.org\/wiki\/Duhok\" title=\"\">Duhok<\/a><\/strong>, the iconic Barazan mountain, the historic Hamilton Road<strong>  <\/strong>and the imposing citadel of <strong><a href=\"https:\/\/es.wikipedia.org\/wiki\/Erbil_(Irak)\" title=\"\">Erbil<\/a><\/strong>. In addition, we will visit the ancient city of <strong><a href=\"https:\/\/es.wikipedia.org\/wiki\/Hatra\" title=\"\">Hatra<\/a><\/strong>, a unique archaeological site that is a UNESCO World Heritage Site. A journey that will lead you to explore not only the vibrant present, but also the glorious past of this region, a true treasure to be discovered.<\/p><\/div><\/div>\n\n\n\n<div class=\"wp-block-uagb-buttons uagb-buttons__outer-wrap uagb-btn__default-btn uagb-btn-tablet__default-btn uagb-btn-mobile__default-btn uagb-block-6413142a\"><div class=\"uagb-buttons__wrap uagb-buttons-layout-wrap\">\n<div class=\"wp-block-uagb-buttons-child uagb-buttons__outer-wrap uagb-block-e3ed34a6 wp-block-button\"><div class=\"uagb-button__wrapper\"><a class=\"uagb-buttons-repeater wp-block-button__link\" aria-label=\"\" href=\"\/en\/rumbo-al-norte-de-irak-un-viaje-en-el-corazon-del-kurdistan\/\" rel=\"follow noopener\" target=\"_self\" role=\"button\"><div class=\"uagb-button__link\">Read more<\/div><\/a><\/div><\/div>\n<\/div><\/div>\n<\/div>\n\n\n\n<div class=\"wp-block-column is-layout-flow wp-block-column-is-layout-flow\">\n<div class=\"wp-block-uagb-info-box uagb-block-81dd7d5f uagb-infobox__content-wrap  uagb-infobox-icon-above-title uagb-infobox-image-valign-top\"><div class=\"uagb-ifb-content\"><div class=\"uagb-ifb-image-content\"><img decoding=\"async\" data-src=\"https:\/\/viajesairak.es\/wp-content\/uploads\/2024\/11\/image1-2.jpeg\" alt=\"Arco de Ctesifonte\/Arch of Ctesiphon \/Taq Kisra, Irak. Foto Mariam Khalifa Bris\" width=\"\" height=\"0\" src=\"data:image\/svg+xml;base64,PHN2ZyB3aWR0aD0iMSIgaGVpZ2h0PSIxIiB4bWxucz0iaHR0cDovL3d3dy53My5vcmcvMjAwMC9zdmciPjwvc3ZnPg==\" class=\"lazyload\" style=\"--smush-placeholder-width: 640px; --smush-placeholder-aspect-ratio: 640\/482;\" \/><\/div><div class=\"uagb-ifb-title-wrap\"><h4 class=\"uagb-ifb-title\">Iraq: Adventure from North to South<\/h4><\/div><div class=\"uagb-ifb-separator\"><\/div><p class=\"uagb-ifb-desc\"><em><strong>Iraq: Adventures from North to South<\/strong><\/em>  This comprehensive itinerary is one of the most complete of our tours and trips to Iraq, inviting you to live an unforgettable experience through a country full of history, culture and breathtaking landscapes. From the mountainous lands of Kurdistan in the north, to the ancient lands of the south, where the legends of Mesopotamia flourish, this journey will take you through emblematic cities such as <a href=\"https:\/\/es.wikipedia.org\/wiki\/Bagdad\" title=\"\">Baghdad:<\/a>, <a href=\"https:\/\/es.wikipedia.org\/wiki\/Kerbala\" title=\"\">Karbala:<\/a>,<a href=\"https:\/\/es.wikipedia.org\/wiki\/N%C3%A1yaf\" title=\"\"> Najaf:<\/a>,<a href=\"https:\/\/es.wikipedia.org\/wiki\/Mosul\" title=\"\">Mosul<\/a>, <a href=\"https:\/\/es.wikipedia.org\/wiki\/Erbil_(Irak)\" title=\"\">Erbil<\/a> and <a href=\"https:\/\/es.wikipedia.org\/wiki\/Babilonia_(reino)\" title=\"\">Babylon<\/a>. Every step of this journey reveals a rich cultural heritage and impressive diversity. An epic journey that connects the past with the present in a country full of undiscovered secrets.<br><br>This type of trip requires a tailor-made planning, to adapt it to your interests and needs. Write to us at <strong><a href=\"https:\/\/viajesairak.es\/en\/viajes-a-medida\/\" title=\"\">tailor-made trips<\/a><\/strong> . Get ready for an epic experience in the heart of Iraq!<\/p><\/div><\/div>\n\n\n\n<div class=\"wp-block-uagb-buttons uagb-buttons__outer-wrap uagb-btn__default-btn uagb-btn-tablet__default-btn uagb-btn-mobile__default-btn uagb-block-59729b6c\"><div class=\"uagb-buttons__wrap uagb-buttons-layout-wrap\">\n<div class=\"wp-block-uagb-buttons-child uagb-buttons__outer-wrap uagb-block-5eeaf14f wp-block-button\"><div class=\"uagb-button__wrapper\"><a class=\"uagb-buttons-repeater wp-block-button__link\" aria-label=\"\" href=\"\/en\/irak-aventura-de-norte-a-sur\/\" rel=\"follow noopener\" target=\"_self\" role=\"button\"><div class=\"uagb-button__link\">Read more<\/div><\/a><\/div><\/div>\n<\/div><\/div>\n<\/div>\n<\/div>\n\n\n\n<p><\/p>","protected":false},"excerpt":{"rendered":"<p>Descubre nuestros viajes a irak Explorar Irak es una experiencia \u00fanica llena de descubrimiento y emoci\u00f3n que atrae a viajeros en busca de cultura, historia y autenticidad. Nuestros tours y viajes a Irak est\u00e1n dise\u00f1ados para aquellos que desean sumergirse en la rica herencia de este pa\u00eds milenario, desde las antiguas ciudades de Babilonia y [&hellip;]<\/p>\n","protected":false},"author":2,"featured_media":2421,"parent":0,"menu_order":0,"comment_status":"closed","ping_status":"closed","template":"","meta":{"_uag_custom_page_level_css":"","site-sidebar-layout":"no-sidebar","site-content-layout":"plain-container","ast-site-content-layout":"normal-width-container","site-content-style":"unboxed","site-sidebar-style":"unboxed","ast-global-header-display":"","ast-banner-title-visibility":"","ast-main-header-display":"","ast-hfb-above-header-display":"","ast-hfb-below-header-display":"","ast-hfb-mobile-header-display":"","site-post-title":"disabled","ast-breadcrumbs-content":"","ast-featured-img":"disabled","footer-sml-layout":"","ast-disable-related-posts":"","theme-transparent-header-meta":"enabled","adv-header-id-meta":"","stick-header-meta":"","header-above-stick-meta":"","header-main-stick-meta":"","header-below-stick-meta":"","astra-migrate-meta-layouts":"set","ast-page-background-enabled":"default","ast-page-background-meta":{"desktop":{"background-color":"","background-image":"","background-repeat":"repeat","background-position":"center center","background-size":"auto","background-attachment":"scroll","background-type":"","background-media":"","overlay-type":"","overlay-color":"","overlay-opacity":"","overlay-gradient":""},"tablet":{"background-color":"","background-image":"","background-repeat":"repeat","background-position":"center center","background-size":"auto","background-attachment":"scroll","background-type":"","background-media":"","overlay-type":"","overlay-color":"","overlay-opacity":"","overlay-gradient":""},"mobile":{"background-color":"","background-image":"","background-repeat":"repeat","background-position":"center center","background-size":"auto","background-attachment":"scroll","background-type":"","background-media":"","overlay-type":"","overlay-color":"","overlay-opacity":"","overlay-gradient":""}},"ast-content-background-meta":{"desktop":{"background-color":"var(--ast-global-color-5)","background-image":"","background-repeat":"repeat","background-position":"center center","background-size":"auto","background-attachment":"scroll","background-type":"","background-media":"","overlay-type":"","overlay-color":"","overlay-opacity":"","overlay-gradient":""},"tablet":{"background-color":"var(--ast-global-color-5)","background-image":"","background-repeat":"repeat","background-position":"center center","background-size":"auto","background-attachment":"scroll","background-type":"","background-media":"","overlay-type":"","overlay-color":"","overlay-opacity":"","overlay-gradient":""},"mobile":{"background-color":"var(--ast-global-color-5)","background-image":"","background-repeat":"repeat","background-position":"center center","background-size":"auto","background-attachment":"scroll","background-type":"","background-media":"","overlay-type":"","overlay-color":"","overlay-opacity":"","overlay-gradient":""}},"_themeisle_gutenberg_block_has_review":false,"footnotes":""},"class_list":["post-966","page","type-page","status-publish","has-post-thumbnail","hentry"],"aioseo_notices":[],"uagb_featured_image_src":{"full":["https:\/\/viajesairak.es\/wp-content\/uploads\/2024\/10\/Viajes-a-irak-31.jpeg",2048,1604,false],"thumbnail":["https:\/\/viajesairak.es\/wp-content\/uploads\/2024\/10\/Viajes-a-irak-31-150x150.jpeg",150,150,true],"medium":["https:\/\/viajesairak.es\/wp-content\/uploads\/2024\/10\/Viajes-a-irak-31-300x235.jpeg",300,235,true],"medium_large":["https:\/\/viajesairak.es\/wp-content\/uploads\/2024\/10\/Viajes-a-irak-31-768x602.jpeg",768,602,true],"large":["https:\/\/viajesairak.es\/wp-content\/uploads\/2024\/10\/Viajes-a-irak-31-1024x802.jpeg",1024,802,true],"1536x1536":["https:\/\/viajesairak.es\/wp-content\/uploads\/2024\/10\/Viajes-a-irak-31-1536x1203.jpeg",1536,1203,true],"2048x2048":["https:\/\/viajesairak.es\/wp-content\/uploads\/2024\/10\/Viajes-a-irak-31.jpeg",2048,1604,false],"trp-custom-language-flag":["https:\/\/viajesairak.es\/wp-content\/uploads\/2024\/10\/Viajes-a-irak-31.jpeg",15,12,false],"widget-thumbnail":["https:\/\/viajesairak.es\/wp-content\/uploads\/2024\/10\/Viajes-a-irak-31.jpeg",75,59,false]},"uagb_author_info":{"display_name":"Mariam Khalifa Bris","author_link":"https:\/\/viajesairak.es\/en\/author\/mariamkhalifa\/"},"uagb_comment_info":0,"uagb_excerpt":"Descubre nuestros viajes a irak Explorar Irak es una experiencia \u00fanica llena de descubrimiento y emoci\u00f3n que atrae a viajeros en busca de cultura, historia y autenticidad. Nuestros tours y viajes a Irak est\u00e1n dise\u00f1ados para aquellos que desean sumergirse en la rica herencia de este pa\u00eds milenario, desde las antiguas ciudades de Babilonia y&hellip;","_links":{"self":[{"href":"https:\/\/viajesairak.es\/en\/wp-json\/wp\/v2\/pages\/966","targetHints":{"allow":["GET"]}}],"collection":[{"href":"https:\/\/viajesairak.es\/en\/wp-json\/wp\/v2\/pages"}],"about":[{"href":"https:\/\/viajesairak.es\/en\/wp-json\/wp\/v2\/types\/page"}],"author":[{"embeddable":true,"href":"https:\/\/viajesairak.es\/en\/wp-json\/wp\/v2\/users\/2"}],"replies":[{"embeddable":true,"href":"https:\/\/viajesairak.es\/en\/wp-json\/wp\/v2\/comments?post=966"}],"version-history":[{"count":42,"href":"https:\/\/viajesairak.es\/en\/wp-json\/wp\/v2\/pages\/966\/revisions"}],"predecessor-version":[{"id":3785,"href":"https:\/\/viajesairak.es\/en\/wp-json\/wp\/v2\/pages\/966\/revisions\/3785"}],"wp:featuredmedia":[{"embeddable":true,"href":"https:\/\/viajesairak.es\/en\/wp-json\/wp\/v2\/media\/2421"}],"wp:attachment":[{"href":"https:\/\/viajesairak.es\/en\/wp-json\/wp\/v2\/media?parent=966"}],"curies":[{"name":"wp","href":"https:\/\/api.w.org\/{rel}","templated":true}]}}